{"id":71,"date":"2011-01-29T13:47:35","date_gmt":"2011-01-29T13:47:35","guid":{"rendered":"http:\/\/saareautogaas.ee\/?page_id=71"},"modified":"2021-09-12T16:03:00","modified_gmt":"2021-09-12T16:03:00","slug":"kontakt","status":"publish","type":"page","link":"https:\/\/saareautogaas.ee\/?page_id=71","title":{"rendered":"Kontakt"},"content":{"rendered":"<div>\n<p><img decoding=\"async\" loading=\"lazy\" class=\"alignleft size-medium wp-image-619\" title=\"KME LOGO\" src=\"http:\/\/saareautogaas.ee\/wp-content\/uploads\/2011\/01\/KME-LOGO-300x208.png\" alt=\"\" width=\"300\" height=\"208\" srcset=\"https:\/\/saareautogaas.ee\/wp-content\/uploads\/2011\/01\/KME-LOGO-300x208.png 300w, https:\/\/saareautogaas.ee\/wp-content\/uploads\/2011\/01\/KME-LOGO.png 779w\" sizes=\"(max-width: 300px) 100vw, 300px\" \/><\/p>\n<style type=\"text\/css\">\n\t<!-- @page { margin: 2cm } P { margin-bottom: 0.21cm } --><br \/>\t<\/style>\n<p><span style=\"color: #000000;\">Olen kogemustega ning paindlik ettev\u00f5tja, kes tegutseb rohelise tulevikuvisiooniga turul juba \u00fcheteistk\u00fcmnendat aastat. Oman kogemusi erinevate gaasiseadmete paigaldamises ja hoolduses.<\/span><\/p>\n<p><span style=\"color: #000000;\">Saare Autogaas O\u00dc p\u00f5hitegevuseks on auto gaasiseadmete m\u00fc\u00fck, paigaldus, diagnostika, hooldus ja remont. <span style=\"font-size: small;\"> Paigaldame <\/span><span style=\"font-size: small;\">KME<\/span><span style=\"font-size: small;\"> gaasiseadmeid. <\/span><span style=\"font-size: small;\">KME<\/span><span style=\"font-size: small;\"> gaasiseadmeid tootev tehas on toiminud alates 1992 aastast ja on arendanud ning tootnud pidevalt IV p\u00f5lvkonna seadmeid. Nad on saavutanud t\u00e4naseks p\u00e4evaks parima kvaliteedi- astme IV p\u00f5lvkonna seadmete osas. <\/span><span style=\"font-size: small;\">KME<\/span><span style=\"font-size: small;\"> sissepritse kontrolleri eelisteks on protsessor, mis v\u00f5imaldab automaatset mootori k\u00f5ikide parameetrite identifitseerimist. ECU (Electronic Control Unit) tarkvara annab v\u00f5imaluse kalibreerida s\u00fcsteemi t\u00e4ielikku koormust s\u00f5idu ajal, gaasipihustite t\u00f6\u00f6 juhtimiseks loodud algoritmid kontrollivad bensiinipihustite t\u00f6\u00f6d ja k\u00f5ik parandused arvutatakse reaalajas igal pihustil eraldi. See v\u00f5imaldab mootoril saavutada tulemuslikkuse, mis on peaaegu identne bensiintoitega mootori tulemuslikkusega. <\/span><span style=\"font-size: small;\"><strong>KME<\/strong><\/span><span style=\"font-size: small;\"><strong> NEVO<\/strong> on IV p\u00f5lvkonna kvaliteet gaasiseade, mis on keskkonnas\u00f5bralik ja sobilik kasutamiseks peaaegu igale turul m\u00fc\u00fcdavale autole ning vastab heitgaaside emissiooni standarditele EURO 4, 5 ja 6.<\/span><\/span><\/p>\n<\/div>\n<div><span style=\"color: #008000;\"><strong><em>Maksa tulemuste, mitte lubaduste eest! <\/em><\/strong><strong><em>Saare Autogaas ja s\u00f5ites s\u00e4\u00e4stad!<\/em><\/strong><\/span><\/div>\n<div><\/div>\n<div><\/div>\n<p><strong>Saare Autogaas O\u00dc<\/strong><\/p>\n<p>Kaare 4, Kuressaare 93815<\/p>\n<p><img decoding=\"async\" loading=\"lazy\" class=\"alignnone size-medium wp-image-439\" title=\"Karle Seema\" src=\"http:\/\/saareautogaas.ee\/wp-content\/uploads\/2011\/01\/Karle-Seema-211x300.jpg\" alt=\"\" width=\"211\" height=\"300\" srcset=\"https:\/\/saareautogaas.ee\/wp-content\/uploads\/2011\/01\/Karle-Seema-211x300.jpg 211w, https:\/\/saareautogaas.ee\/wp-content\/uploads\/2011\/01\/Karle-Seema.jpg 414w\" sizes=\"(max-width: 211px) 100vw, 211px\" \/><\/p>\n<p><strong>Karle Seema<\/strong><\/p>\n<p>juhataja<\/p>\n<p>Tel +372 5079795<\/p>\n<p><a href=\"http:\/\/www.saareautogaas.ee\/\">http:\/\/www.saareautogaas.ee<\/a><\/p>\n<p>e-mail: <a href=\"mailto:info@saareautogaas.ee\">info[\u00e4t]saareautogaas.ee<\/a><\/p>\n<p> V\u00f5ta \u00fchendust! <div role=\"form\" class=\"wpcf7\" id=\"wpcf7-f731-o1\" dir=\"ltr\">\n<div class=\"screen-reader-response\"><p role=\"status\" aria-live=\"polite\" aria-atomic=\"true\"><\/p> <ul><\/ul><\/div>\n<form action=\"\/index.php?rest_route=%2Fwp%2Fv2%2Fpages%2F71#wpcf7-f731-o1\" method=\"post\" class=\"wpcf7-form init\" novalidate=\"novalidate\" data-status=\"init\">\n<div style=\"display: none;\">\n<input type=\"hidden\" name=\"_wpcf7\" value=\"731\" \/>\n<input type=\"hidden\" name=\"_wpcf7_version\" value=\"5.4.1\" \/>\n<input type=\"hidden\" name=\"_wpcf7_locale\" value=\"\" \/>\n<input type=\"hidden\" name=\"_wpcf7_unit_tag\" value=\"wpcf7-f731-o1\" \/>\n<input type=\"hidden\" name=\"_wpcf7_container_post\" value=\"0\" \/>\n<input type=\"hidden\" name=\"_wpcf7_posted_data_hash\" value=\"\" \/>\n<\/div>\n<p>Nimi (n\u00f5utav)<br \/>\n    <span class=\"wpcf7-form-control-wrap your-name\"><input type=\"text\" name=\"your-name\" value=\"\" size=\"40\" class=\"wpcf7-form-control wpcf7-text wpcf7-validates-as-required\" aria-required=\"true\" aria-invalid=\"false\" \/><\/span> <\/p>\n<p>Email (n\u00f5utav)<br \/>\n    <span class=\"wpcf7-form-control-wrap your-email\"><input type=\"email\" name=\"your-email\" value=\"\" size=\"40\" class=\"wpcf7-form-control wpcf7-text wpcf7-email wpcf7-validates-as-required wpcf7-validates-as-email\" aria-required=\"true\" aria-invalid=\"false\" \/><\/span> <\/p>\n<p>Teade<br \/>\n    <span class=\"wpcf7-form-control-wrap your-message\"><textarea name=\"your-message\" cols=\"40\" rows=\"10\" class=\"wpcf7-form-control wpcf7-textarea\" aria-invalid=\"false\"><\/textarea><\/span> <\/p>\n<p>[recaptcha]<\/p>\n<p><input type=\"submit\" value=\"Saada\" class=\"wpcf7-form-control wpcf7-submit\" \/><\/p>\n<div class=\"wpcf7-response-output\" aria-hidden=\"true\"><\/div><\/form><\/div><\/p>\n","protected":false},"excerpt":{"rendered":"<p>Olen kogemustega ning paindlik ettev\u00f5tja, kes tegutseb rohelise tulevikuvisiooniga turul juba \u00fcheteistk\u00fcmnendat aastat. Oman kogemusi erinevate gaasiseadmete paigaldamises ja hoolduses. Saare Autogaas O\u00dc p\u00f5hitegevuseks on auto gaasiseadmete m\u00fc\u00fck, paigaldus, diagnostika, hooldus ja remont. Paigaldame KME gaasiseadmeid. KME gaasiseadmeid tootev tehas on toiminud alates 1992 aastast ja on arendanud ning tootnud pidevalt IV p\u00f5lvkonna seadmeid. Nad [&hellip;]<\/p>\n","protected":false},"author":1,"featured_media":0,"parent":0,"menu_order":0,"comment_status":"closed","ping_status":"open","template":"","meta":{"footnotes":""},"_links":{"self":[{"href":"https:\/\/saareautogaas.ee\/index.php?rest_route=\/wp\/v2\/pages\/71"}],"collection":[{"href":"https:\/\/saareautogaas.ee\/index.php?rest_route=\/wp\/v2\/pages"}],"about":[{"href":"https:\/\/saareautogaas.ee\/index.php?rest_route=\/wp\/v2\/types\/page"}],"author":[{"embeddable":true,"href":"https:\/\/saareautogaas.ee\/index.php?rest_route=\/wp\/v2\/users\/1"}],"replies":[{"embeddable":true,"href":"https:\/\/saareautogaas.ee\/index.php?rest_route=%2Fwp%2Fv2%2Fcomments&post=71"}],"version-history":[{"count":43,"href":"https:\/\/saareautogaas.ee\/index.php?rest_route=\/wp\/v2\/pages\/71\/revisions"}],"predecessor-version":[{"id":743,"href":"https:\/\/saareautogaas.ee\/index.php?rest_route=\/wp\/v2\/pages\/71\/revisions\/743"}],"wp:attachment":[{"href":"https:\/\/saareautogaas.ee\/index.php?rest_route=%2Fwp%2Fv2%2Fmedia&parent=71"}],"curies":[{"name":"wp","href":"https:\/\/api.w.org\/{rel}","templated":true}]}}