{"id":66,"date":"2011-01-29T13:44:03","date_gmt":"2011-01-29T13:44:03","guid":{"rendered":"http:\/\/saareautogaas.ee\/?page_id=66"},"modified":"2014-09-18T18:45:40","modified_gmt":"2014-09-18T18:45:40","slug":"gaastitanklate-kaart","status":"publish","type":"page","link":"https:\/\/saareautogaas.ee\/?page_id=66","title":{"rendered":"Tanklad"},"content":{"rendered":"<p style=\"margin-bottom: 0cm;\">\n<p style=\"margin-bottom: 0cm;\"><span style=\"color: #00ae00;\"><strong> EESTI (LPG) AUTOGAASITANKLAD<\/strong><\/span><\/p>\n<p style=\"margin-bottom: 0cm;\">\n<p style=\"margin-bottom: 0cm;\"><strong>Ida-Viru maakond<\/strong><\/p>\n<p style=\"margin-bottom: 0cm;\">Edise k\u00fcla 64, J\u00f5hvi vald \u2013 Gamos AS        (<em><span style=\"text-decoration: underline;\">avatud: 24h)<\/span><\/em><\/p>\n<p style=\"margin-bottom: 0cm;\">\n<p style=\"margin-bottom: 0cm;\">Rakvere tn 44, J\u00f5hvi \u00a0\u2013 AS Alexela Oil (<span style=\"text-decoration: underline;\"><em>avatud: 24h)<\/em><\/span><\/p>\n<p style=\"margin-bottom: 0cm;\">Tallinn- Narva mnt 161. kilomeeter, J\u00f5hvi  \u2013 AS Propaan        (<em><span style=\"text-decoration: underline;\">avatud: 24h)<\/span><\/em><\/p>\n<p style=\"margin-bottom: 0cm;\"><strong>J\u00f5geva ja J\u00f5geva maakond<\/strong><\/p>\n<p style=\"margin-bottom: 0cm;\">P\u00f5ltsamaa, Puhu ristmik\u00a0 \u2013 AS Alexela Oil (<span style=\"text-decoration: underline;\"><em>avatud: 24h)<\/em><\/span><\/p>\n<p style=\"margin-bottom: 0cm;\">Suvila 6, J\u00f5geva\u00a0 \u2013 O\u00dc J\u00f5geva Gaas (<span style=\"text-decoration: underline;\"><em>avatud: 09.00-17.00, L-P suletud)<\/em><\/span><\/p>\n<p style=\"margin-bottom: 0cm;\"><strong>Kuressaare ja Saare maakond<\/strong><\/p>\n<p style=\"margin-bottom: 0cm;\">Kaevu 27, Kuresaare \u2013 O\u00dc Saare Gaas        (<em><span style=\"text-decoration: underline;\">avatud: 08.00-17.00, L-P suletud)<\/span><\/em><\/p>\n<p style=\"margin-bottom: 0cm;\">S\u00f5rve tee 2, Kuressaare\u2013 AS Alexela Oil (<span style=\"text-decoration: underline;\">avatud: 24h)<\/span><\/p>\n<p style=\"margin-bottom: 0cm;\"><span style=\"font-weight: normal;\">Tallinna mnt 84, Kuresaare \u2013 O\u00dc Saare Gaas        (<\/span><em><span style=\"text-decoration: underline;\"><span style=\"font-weight: normal;\">avatud: 24h)<\/span><\/span><\/em><\/p>\n<p style=\"margin-bottom: 0cm;\">\n<p style=\"margin-bottom: 0cm; font-style: normal;\"><strong>L\u00e4\u00e4nemaa<\/strong><\/p>\n<p style=\"margin-bottom: 0cm; font-style: normal;\">Tallinna mnt 6, Virtsu \u2013 Eesti Autogaas O\u00dc        (<em><span style=\"text-decoration: underline;\">avatud: 24h)<\/span><\/em><\/p>\n<p style=\"margin-bottom: 0cm; font-style: normal;\">Tallinna mnt 64, Haapsalu  \u2013 AS Alexela Oil (<span style=\"text-decoration: underline;\"><em>avatud: 24h)<\/em><\/span><\/p>\n<p style=\"margin-bottom: 0cm; font-style: normal;\"><strong>L\u00e4\u00e4ne-Viru maakond<\/strong><\/p>\n<p style=\"margin-bottom: 0cm; font-style: normal;\">K\u00fctuse 16, Rakvere<strong> <\/strong> \u2013 AS Propaan (<span style=\"text-decoration: underline;\"><em>avatud: 08.00-18.30 L-P suletud)<\/em><\/span><\/p>\n<p style=\"margin-bottom: 0cm; font-style: normal;\">Piira, Vinni v, L\u00e4\u00e4ne-Viru mk \u2013 Eesti Autogaas O\u00dc        (<em><span style=\"text-decoration: underline;\">avatud: 24h)<\/span><\/em><\/p>\n<p style=\"margin-bottom: 0cm; font-style: normal;\">Puiestee tn 22, S\u00f5meru\u00a0 \u2013 AS Alexela Oil (<span style=\"text-decoration: underline;\"><em>avatud: 24h)<\/em><\/span><\/p>\n<p style=\"margin-bottom: 0cm; font-style: normal;\"><strong>Paide ja<\/strong> <strong>J\u00e4rva maakond<\/strong><\/p>\n<p style=\"margin-bottom: 0cm; font-style: normal;\">Raudtee 29, Paide<strong> <\/strong> <strong> <\/strong>\u2013\u00a0 Lukoil Eesti AS        (<em><span style=\"text-decoration: underline;\">avatud: 24h)<\/span><\/em><\/p>\n<p style=\"margin-bottom: 0cm; font-style: normal;\"><strong>P\u00f5lva ja P\u00f5lva maakond<\/strong><\/p>\n<p style=\"margin-bottom: 0cm; font-weight: normal;\">Jaama 16b, P\u00f5lva\u00a0 \u2013 AS Alexela Oil (<span style=\"text-decoration: underline;\"><em>avatud: 24h)<\/em><\/span><\/p>\n<p style=\"margin-bottom: 0cm; font-weight: normal;\"><span style=\"font-style: normal;\">Kase 4, P\u00f5lva \u2013 O\u00dc Chin-Est        (<\/span><em><span style=\"text-decoration: underline;\">avatud:)<\/span><\/em><em> <\/em><\/p>\n<p style=\"margin-bottom: 0cm;\">\n<p style=\"margin-bottom: 0cm;\"><strong>P\u00e4rnu ja P\u00e4rnu maakond<\/strong><\/p>\n<p style=\"margin-bottom: 0cm;\">K\u00e4\u00e4rdi 1, V\u00f5iste, Tahkuranna, P\u00e4rnumaa\u00a0 \u2013 AS Alexela Oil (<span style=\"text-decoration: underline;\"><em>Peatselt avatav!)<\/em><\/span><\/p>\n<p style=\"margin-bottom: 0cm;\">Papsaare, Audru v, P\u00e4rnumaa  \u2013 Lukoil Eesti AS        (<em><span style=\"text-decoration: underline;\">avatud: 24h)<\/span><\/em><\/p>\n<p style=\"margin-bottom: 0cm;\">Sauga alevik \u2013 Lukoil Eesti AS        (<em><span style=\"text-decoration: underline;\">avatud: 24h)<\/span><\/em><\/p>\n<p style=\"margin-bottom: 0cm;\">Tallinna mnt 95a, P\u00e4rnu \u2013 Olerex AS        (<em><span style=\"text-decoration: underline;\">avatud: 24h)<\/span><\/em><\/p>\n<p style=\"margin-bottom: 0cm;\"><strong>Rapla ja Rapla maakond<\/strong><\/p>\n<p style=\"margin-bottom: 0cm;\"><span style=\"font-weight: normal;\">Viljandi mnt 67, Rapla <\/span> <strong> <\/strong> \u2013 AS Propaan <span style=\"font-weight: normal;\"> (<\/span><em><span style=\"text-decoration: underline;\"><span style=\"font-weight: normal;\">avatud: 9.30-18.00, L-P suletud)<\/span><\/span><\/em><\/p>\n<p style=\"margin-bottom: 0cm;\">\n<p style=\"margin-bottom: 0cm;\"><strong>Tallinn ja Harju maakond<\/strong><\/p>\n<p style=\"margin-bottom: 0cm;\">Betooni 3, Tallinn \u2013 AS Propaan        (<em><span style=\"text-decoration: underline;\">avatud: 07.00-23.00)<\/span><\/em><\/p>\n<p style=\"margin-bottom: 0cm;\">Ehitajate tee 114C, Tallinn \u2013 AS Alexela Oil        (<em><span style=\"text-decoration: underline;\">avatud: 24h)<\/span><\/em><\/p>\n<p style=\"margin-bottom: 0cm;\">T\u00f6\u00f6koja 4, Tallinn \u2013 AS Propaan        (<em><span style=\"text-decoration: underline;\">avatud: 24h)<\/span><\/em><span style=\"text-decoration: underline;\"> <\/span><\/p>\n<p style=\"margin-bottom: 0cm;\">Kadaka tee 66b, Tallinn \u2013 AS Propaan        (<em><span style=\"text-decoration: underline;\">avatud: 07.00-24.00)<\/span><\/em><\/p>\n<p style=\"margin-bottom: 0cm;\">Muuli tee 2 \/ Ranna tee 15, Miiduranna\u00a0 \u2013 Olerex AS \u00a0         (<em><span style=\"text-decoration: underline;\">avatud: 24h)<\/span><\/em><\/p>\n<p style=\"margin-bottom: 0cm;\">Paldiski mnt 48b, Tallinn \u2013 Eesti Autogaas O\u00dc        (<em><span style=\"text-decoration: underline;\">avatud: 24h)<\/span><\/em><\/p>\n<p style=\"margin-bottom: 0cm;\">Peterburi tee 38\/4, Tallinn  \u2013 Lukoil Eesti AS        (<em><span style=\"text-decoration: underline;\">avatud: 24h)<\/span><\/em><\/p>\n<p style=\"margin-bottom: 0cm;\">P\u00e4rnu mnt 556, Laagri \u2013 AS Reola Gaas        (<em><span style=\"text-decoration: underline;\">avatud: 24h)<\/span><\/em><\/p>\n<p style=\"margin-bottom: 0cm;\">Vesse 2, Tallinn \u2013 AS Alexela Oil        (<em><span style=\"text-decoration: underline;\">avatud: 24h)<\/span><\/em><\/p>\n<p style=\"margin-bottom: 0cm;\">Tallinn-P\u00e4rnu mnt 37km, Kernu \u2013 AS Krooning        (<em><span style=\"text-decoration: underline;\">avatud: 24h)<\/span><\/em><\/p>\n<p style=\"margin-bottom: 0cm;\">Tondiraba 1, Tallinn  \u2013 Lukoil Eesti AS        (<em><span style=\"text-decoration: underline;\">avatud: 24h)<\/span><\/em><\/p>\n<p style=\"margin-bottom: 0cm;\">Aleviku tee 5, J\u00fcri, Rae vald\u00a0 \u2013 AS Alexela Oil (<span style=\"text-decoration: underline;\"><em>avatud: 24h)<\/em><\/span><\/p>\n<p style=\"margin-bottom: 0cm;\">Tallinna mnt 20, Paldiski \u00a0\u2013 \u00a0AS Alexela Oil (<span style=\"text-decoration: underline;\"><em>avatud: 24h)<\/em><\/span><\/p>\n<p style=\"margin-bottom: 0cm;\">\n<p style=\"margin-bottom: 0cm;\">Viadukti p\u00f5ik 6, Rae vald\u00a0 \u2013\u00a0 Lukoil Eesti AS        (<em><span style=\"text-decoration: underline;\">avatud: 24h)<\/span><\/em><\/p>\n<p style=\"margin-bottom: 0cm;\"><strong>Tartu ja Tartu maakond<\/strong><\/p>\n<p style=\"margin-bottom: 0cm;\">Aardla 27, Tartu \u2013 Eesti Autogaas O\u00dc        (<em><span style=\"text-decoration: underline;\">avatud: 24h)<\/span><\/em><\/p>\n<p style=\"margin-bottom: 0cm;\">Aardla 107, Tartu \u2013 Olerex AS        (<em><span style=\"text-decoration: underline;\">avatud: 24h)<\/span><\/em> <em> <\/em><\/p>\n<p style=\"margin-bottom: 0cm;\">Anne 46, Tartu \u2013 AS Alexela Oil (<span style=\"text-decoration: underline;\"><em>Peatselt avatav!)<\/em><\/span><\/p>\n<p style=\"margin-bottom: 0cm;\">Ringtee 28, Tartu \u2013 Vostok Oil O\u00dc        (<em><span style=\"text-decoration: underline;\">avatud: 24h)<\/span><\/em><\/p>\n<p style=\"margin-bottom: 0cm;\">Ringtee 75b, Tartu \u2013 AS Alexela Oil        (<em><span style=\"text-decoration: underline;\">avatud: 24h)<\/span><\/em><\/p>\n<p style=\"margin-bottom: 0cm;\">Kulbilohu 3, Elva\u00a0 \u2013 AS Alexela Oil (<span style=\"text-decoration: underline;\"><em>avatud: 24h)<\/em><\/span><\/p>\n<p style=\"margin-bottom: 0cm;\">\n<p style=\"margin-bottom: 0cm;\">\n<p style=\"margin-bottom: 0cm;\"><strong>Valga ja Valga maakond<\/strong><\/p>\n<p style=\"margin-bottom: 0cm;\">Transpordi 2, Valga  \u2013\u00a0 Lukoil Eesti AS        (<em><span style=\"text-decoration: underline;\">avatud: 24h)<\/span><\/em> <strong> <\/strong><\/p>\n<p style=\"margin-bottom: 0cm;\"><strong>Viljandi ja Viljandi maakond<\/strong><\/p>\n<p style=\"margin-bottom: 0cm;\">P\u00e4rnu mnt 24a, Viljandi \u2013 Airok O\u00dc        (<em><span style=\"text-decoration: underline;\">avatud: 24h)<\/span><\/em><\/p>\n<p style=\"margin-bottom: 0cm;\">\n<p style=\"margin-bottom: 0cm;\">Uus 4, Viljandi \u2013 AS Alexela Oil (<span style=\"text-decoration: underline;\"><em>Peatselt avatav!<\/em><\/span>)<\/p>\n<p style=\"margin-bottom: 0cm;\"><strong>V\u00f5ru ja V\u00f5ru maakond<\/strong><\/p>\n<p style=\"margin-bottom: 0cm;\">Vagula k\u00fcla, V\u00f5ru vald \u2013 O\u00dc V\u00f5ru Gaas        (<em><span style=\"text-decoration: underline;\">avatud:)<\/span><\/em><em> <\/em><\/p>\n<p style=\"margin-bottom: 0cm;\">\n<p style=\"margin-bottom: 0cm;\">\n<p style=\"margin-bottom: 0cm;\">\n<p><em> <\/em><\/p>\n<p style=\"margin-bottom: 0cm;\">\n<p style=\"margin-bottom: 0cm;\">\n<p style=\"margin-bottom: 0cm;\">\n<p><em> <\/em><\/p>\n<p style=\"margin-bottom: 0cm;\">\n<p style=\"margin-bottom: 0cm;\">\n<p style=\"margin-bottom: 0cm;\">\n<p><em> <\/em><\/p>\n<p style=\"margin-bottom: 0cm;\">\n<p style=\"margin-bottom: 0cm;\">\n<p style=\"margin-bottom: 0cm;\">\n","protected":false},"excerpt":{"rendered":"<p>EESTI (LPG) AUTOGAASITANKLAD Ida-Viru maakond Edise k\u00fcla 64, J\u00f5hvi vald \u2013 Gamos AS (avatud: 24h) Rakvere tn 44, J\u00f5hvi \u00a0\u2013 AS Alexela Oil (avatud: 24h) Tallinn- Narva mnt 161. kilomeeter, J\u00f5hvi \u2013 AS Propaan (avatud: 24h) J\u00f5geva ja J\u00f5geva maakond P\u00f5ltsamaa, Puhu ristmik\u00a0 \u2013 AS Alexela Oil (avatud: 24h) Suvila 6, J\u00f5geva\u00a0 \u2013 O\u00dc J\u00f5geva [&hellip;]<\/p>\n","protected":false},"author":1,"featured_media":0,"parent":0,"menu_order":0,"comment_status":"closed","ping_status":"closed","template":"","meta":{"footnotes":""},"_links":{"self":[{"href":"https:\/\/saareautogaas.ee\/index.php?rest_route=\/wp\/v2\/pages\/66"}],"collection":[{"href":"https:\/\/saareautogaas.ee\/index.php?rest_route=\/wp\/v2\/pages"}],"about":[{"href":"https:\/\/saareautogaas.ee\/index.php?rest_route=\/wp\/v2\/types\/page"}],"author":[{"embeddable":true,"href":"https:\/\/saareautogaas.ee\/index.php?rest_route=\/wp\/v2\/users\/1"}],"replies":[{"embeddable":true,"href":"https:\/\/saareautogaas.ee\/index.php?rest_route=%2Fwp%2Fv2%2Fcomments&post=66"}],"version-history":[{"count":28,"href":"https:\/\/saareautogaas.ee\/index.php?rest_route=\/wp\/v2\/pages\/66\/revisions"}],"predecessor-version":[{"id":245,"href":"https:\/\/saareautogaas.ee\/index.php?rest_route=\/wp\/v2\/pages\/66\/revisions\/245"}],"wp:attachment":[{"href":"https:\/\/saareautogaas.ee\/index.php?rest_route=%2Fwp%2Fv2%2Fmedia&parent=66"}],"curies":[{"name":"wp","href":"https:\/\/api.w.org\/{rel}","templated":true}]}}