{"id":593,"date":"2012-12-02T13:29:06","date_gmt":"2012-12-02T13:29:06","guid":{"rendered":"http:\/\/saareautogaas.ee\/?page_id=593"},"modified":"2012-12-07T18:53:48","modified_gmt":"2012-12-07T18:53:48","slug":"soe-auto","status":"publish","type":"page","link":"https:\/\/saareautogaas.ee\/?page_id=593","title":{"rendered":"Soe auto"},"content":{"rendered":"<p style=\"margin-bottom: 0cm;\">Seoses k\u00fclmade ilmadega soovitab Saare Autogaas head sooja salongi Teie autos.\u00a0Universaalne elektriline tsirkulatsioonipumba ja termostaadiga mootori eelsoojendi.<\/p>\n<p style=\"margin-bottom: 0cm;\"><!--more--><\/p>\n<p style=\"margin-bottom: 0cm;\"><img decoding=\"async\" loading=\"lazy\" class=\"alignnone size-full wp-image-598\" title=\"Elektriline mootori eelsoojendi\" src=\"http:\/\/saareautogaas.ee\/wp-content\/uploads\/2012\/12\/1.jpg\" alt=\"\" width=\"353\" height=\"336\" srcset=\"https:\/\/saareautogaas.ee\/wp-content\/uploads\/2012\/12\/1.jpg 353w, https:\/\/saareautogaas.ee\/wp-content\/uploads\/2012\/12\/1-300x285.jpg 300w\" sizes=\"(max-width: 353px) 100vw, 353px\" \/><\/p>\n<ul>\n<li>\n<p style=\"margin-bottom: 0cm;\">Tegemist on lihtsa, kompaktse, \tt\u00f6\u00f6kindla, v\u00f5imsa ja ohutu mootriploki eelsoojendiga!<\/p>\n<\/li>\n<li>\n<p style=\"margin-bottom: 0cm;\">Lihtne ja ohutu kasutada, \tmootoriplokk soojeneb t\u00e4nu v\u00f5imsale k\u00fcttekehale v\u00e4ga kiiresti ja \t\u00fchtlaselt.<\/p>\n<\/li>\n<li>\n<p style=\"margin-bottom: 0cm;\">20 % k\u00fctuse kokkuhoidu p\u00e4evaste \tl\u00fchikeste s\u00f5itude jooksul.<\/p>\n<\/li>\n<li>\n<p style=\"margin-bottom: 0cm;\">V\u00e4hendab 60 % k\u00fclmast \tk\u00e4ivitusest tingitud mootori detailide kulumist ja 70 % \theitgaasidest tingitud keskkonnareostust.<\/p>\n<\/li>\n<li>\n<p style=\"margin-bottom: 0cm;\">V\u00e4ga lai kasutusala \u2013 sobib \ts\u00f5idu- ja veoautodele, haagissuvilatele, paatidele jne.<\/p>\n<\/li>\n<li>\n<p style=\"margin-bottom: 0cm;\">Integreeritud kontaktivaba \ttsirkulatsioonipump (impulsspump) \u2013 v\u00f5imsus kuni 7 l\/min.<\/p>\n<\/li>\n<li>\n<p style=\"margin-bottom: 0cm;\">Sisseehitatud termostaat l\u00fclitab \tseadme automaatselt v\u00e4lja 55 \u00b0C juures ning uuesti sisse 40 \u00b0C \tjuures, mis t\u00e4hendab, et seade v\u00f5ib olla vooluv\u00f5rgus v\u00e4ga pikka \taega, ilma et s\u00fcsteem kuumeneks \u00fcle v\u00f5i rikuks k\u00fcttekeha. \tK\u00fcttekeha l\u00e4bip\u00f5lemine praktiliselt v\u00f5imatu! <span style=\"color: #ff0000;\">T\u00e4helepanu! N\u00fc\u00fcd saadaval seadmed v\u00e4ljal\u00fclitamistemperatuuriga 60, 70 v\u00f5i 80 kraadi.<\/span><\/p>\n<\/li>\n<li>Saab kasutada ka neil s\u00f5idukitel, \tkus teised tootjad lubavad kasutada ainult \u00f5livanni \tpinnakinnitusega k\u00fcttekehasid.<\/li>\n<li>Eelsoojendi installeerimine \tmasinale on v\u00e4ga lihtne, oma kompaktsuse t\u00f5ttu paigaldatav ka v\u00e4ga \tkitsastesse oludesse.<\/li>\n<\/ul>\n<p style=\"margin-bottom: 0cm;\">\n<p style=\"margin-bottom: 0cm;\">Seadme tehnilised andmed:<\/p>\n<ul>\n<li>\n<p style=\"margin-bottom: 0cm;\">Sisendvool: 1100W\/230V\/50Hz<\/p>\n<\/li>\n<li>\n<p style=\"margin-bottom: 0cm;\">Torude diameeter: 18.5 mm (sobib \t16-20 mm diameetiga torudele)<\/p>\n<\/li>\n<li>\n<p style=\"margin-bottom: 0cm;\">Pumba maksimaalne l\u00f6\u00f6gik\u00f5rgus: \t40-50 cm<\/p>\n<\/li>\n<li>\n<p style=\"margin-bottom: 0cm;\">Kaal: 380 grammi<\/p>\n<\/li>\n<li>\n<p style=\"margin-bottom: 0cm;\">M\u00f5\u00f5dud: 60 X 60 X 110 mm<\/p>\n<\/li>\n<li>\n<p style=\"margin-bottom: 0cm;\">Jahutusvedeliku maht: 50 ml<\/p>\n<\/li>\n<li>\n<p style=\"margin-bottom: 0cm;\">Tsirkulatsiooniv\u00f5imsus: 5-7 l\/min<\/p>\n<\/li>\n<\/ul>\n<p style=\"margin-bottom: 0cm;\">\n<p style=\"margin-bottom: 0cm;\">\n<p style=\"margin-bottom: 0cm;\"><span style=\"color: #ff0000;\">Hind: 145 EUR<\/span><\/p>\n<p style=\"margin-bottom: 0cm;\">Hind ei sisalda paigaldust. Hind sisaldab k\u00e4ibemaksu. Garantii.<\/p>\n","protected":false},"excerpt":{"rendered":"<p>Seoses k\u00fclmade ilmadega soovitab Saare Autogaas head sooja salongi Teie autos.\u00a0Universaalne elektriline tsirkulatsioonipumba ja termostaadiga mootori eelsoojendi.<\/p>\n","protected":false},"author":1,"featured_media":0,"parent":0,"menu_order":0,"comment_status":"closed","ping_status":"open","template":"","meta":{"footnotes":""},"_links":{"self":[{"href":"https:\/\/saareautogaas.ee\/index.php?rest_route=\/wp\/v2\/pages\/593"}],"collection":[{"href":"https:\/\/saareautogaas.ee\/index.php?rest_route=\/wp\/v2\/pages"}],"about":[{"href":"https:\/\/saareautogaas.ee\/index.php?rest_route=\/wp\/v2\/types\/page"}],"author":[{"embeddable":true,"href":"https:\/\/saareautogaas.ee\/index.php?rest_route=\/wp\/v2\/users\/1"}],"replies":[{"embeddable":true,"href":"https:\/\/saareautogaas.ee\/index.php?rest_route=%2Fwp%2Fv2%2Fcomments&post=593"}],"version-history":[{"count":13,"href":"https:\/\/saareautogaas.ee\/index.php?rest_route=\/wp\/v2\/pages\/593\/revisions"}],"predecessor-version":[{"id":599,"href":"https:\/\/saareautogaas.ee\/index.php?rest_route=\/wp\/v2\/pages\/593\/revisions\/599"}],"wp:attachment":[{"href":"https:\/\/saareautogaas.ee\/index.php?rest_route=%2Fwp%2Fv2%2Fmedia&parent=593"}],"curies":[{"name":"wp","href":"https:\/\/api.w.org\/{rel}","templated":true}]}}