{"id":58,"date":"2011-01-29T13:35:51","date_gmt":"2011-01-29T13:35:51","guid":{"rendered":"http:\/\/saareautogaas.ee\/?page_id=58"},"modified":"2021-09-12T16:08:35","modified_gmt":"2021-09-12T16:08:35","slug":"kui-palju-siis-maksaks-gaasiseade-minu-autole","status":"publish","type":"page","link":"https:\/\/saareautogaas.ee\/?page_id=58","title":{"rendered":"Hinnad"},"content":{"rendered":"<p style=\"margin-bottom: 0cm;\">Gaasiseadme hind s\u00f5ltub konkreetse auto silindrite arvust ja autole valitud sobiliku ballooni maksumusest. Siinkohal toon hinnan\u00e4idise Saare Autogaas O\u00dc kehtivast hinnakirjast.<!--more--><\/p>\n<p>Hinnad IV p\u00f5lvkonna gaasiseadmetele harg- ehk t\u00e4ispritsega bensiinimootoritele:<\/p>\n<p><strong>3-4 silindrilistele<\/strong> autodele seadme ja ballooni hind koos paigaldusega alates<strong> 745 eurost<\/strong>;<\/p>\n<p><strong>5-6 silindrilistele<\/strong> autodele seadme ja ballooni hind koos paigaldusega alates <strong>985 eurost<\/strong>;<\/p>\n<p><strong>8\u00a0 silindrilistele<\/strong> autodele seadme ja ballooni hind koos paigaldusega alates <strong>1185 eurost<\/strong><strong>.<\/strong><\/p>\n<p style=\"margin-bottom: 0cm;\">Paigaldame kaasaegseimaid ja p\u00f5hjamaa tingimustele vastavaid k\u00f5rgeima kvaliteediga autogaasiseadmeid.<\/p>\n<p>Hinnad sisaldavad k\u00f5ike paigalduseks vajalikku, samuti paigaldustasu ja k\u00e4ibemaksu 20%. Selleks, et saaksite k\u00fcsida personaalset hinnapakkumist palun kirjutage e-maili oma auto j\u00e4rgmised andmed: mark, mudel, v\u00e4ljalaskeaasta, silindrite arv, t\u00f6\u00f6maht, v\u00f5imsus (kw), keret\u00fc\u00fcp, ning saatke\u00a0 p\u00e4ring\u00a0 julgelt teele.\u00a0 Vastame Teile esimesel v\u00f5imalusel.<\/p>\n<p style=\"margin-bottom: 0cm;\"><em><strong>J\u00c4RELMAKSU V\u00d5IMALUS!<\/strong><\/em><\/p>\n<p style=\"margin-bottom: 0cm;\">Sissemakse tegemine ei ole kohustuslik!<\/p>\n<p style=\"margin-bottom: 0cm;\">J\u00e4relmaksu periood kuni 36 kuud!<\/p>\n<p style=\"margin-bottom: 0cm;\">E-maili auto andmetega saate saata siit.<\/p>\n<div role=\"form\" class=\"wpcf7\" id=\"wpcf7-f732-o1\" dir=\"ltr\">\n<div class=\"screen-reader-response\"><p role=\"status\" aria-live=\"polite\" aria-atomic=\"true\"><\/p> <ul><\/ul><\/div>\n<form action=\"\/index.php?rest_route=%2Fwp%2Fv2%2Fpages%2F58#wpcf7-f732-o1\" method=\"post\" class=\"wpcf7-form init\" novalidate=\"novalidate\" data-status=\"init\">\n<div style=\"display: none;\">\n<input type=\"hidden\" name=\"_wpcf7\" value=\"732\" \/>\n<input type=\"hidden\" name=\"_wpcf7_version\" value=\"5.4.1\" \/>\n<input type=\"hidden\" name=\"_wpcf7_locale\" value=\"\" \/>\n<input type=\"hidden\" name=\"_wpcf7_unit_tag\" value=\"wpcf7-f732-o1\" \/>\n<input type=\"hidden\" name=\"_wpcf7_container_post\" value=\"0\" \/>\n<input type=\"hidden\" name=\"_wpcf7_posted_data_hash\" value=\"\" \/>\n<\/div>\n<p>Auto mark ja mudel (n\u00f5utav)<br \/>\n<span class=\"wpcf7-form-control-wrap Automarkjamudel\"><input type=\"text\" name=\"Automarkjamudel\" value=\"\" size=\"40\" class=\"wpcf7-form-control wpcf7-text wpcf7-validates-as-required\" aria-required=\"true\" aria-invalid=\"false\" \/><\/span><\/p>\n<p>Silindrite arv (n\u00f5utav)<br \/>\n<span class=\"wpcf7-form-control-wrap Silindritearv\"><span class=\"wpcf7-form-control wpcf7-radio\"><span class=\"wpcf7-list-item first\"><input type=\"radio\" name=\"Silindritearv\" value=\"3\" \/><span class=\"wpcf7-list-item-label\">3<\/span><\/span><span class=\"wpcf7-list-item\"><input type=\"radio\" name=\"Silindritearv\" value=\"4\" \/><span class=\"wpcf7-list-item-label\">4<\/span><\/span><span class=\"wpcf7-list-item\"><input type=\"radio\" name=\"Silindritearv\" value=\"5\" \/><span class=\"wpcf7-list-item-label\">5<\/span><\/span><span class=\"wpcf7-list-item\"><input type=\"radio\" name=\"Silindritearv\" value=\"6\" \/><span class=\"wpcf7-list-item-label\">6<\/span><\/span><span class=\"wpcf7-list-item\"><input type=\"radio\" name=\"Silindritearv\" value=\"8\" \/><span class=\"wpcf7-list-item-label\">8<\/span><\/span><span class=\"wpcf7-list-item last\"><input type=\"radio\" name=\"Silindritearv\" value=\"ei tea\" \/><span class=\"wpcf7-list-item-label\">ei tea<\/span><\/span><\/span><\/span><\/p>\n<p>Mootori t\u00f6\u00f6maht, liitrit (n\u00f5utav)<br \/>\n<span class=\"wpcf7-form-control-wrap Mootoritmahtliitrit\"><input type=\"text\" name=\"Mootoritmahtliitrit\" value=\"\" size=\"40\" class=\"wpcf7-form-control wpcf7-text wpcf7-validates-as-required\" aria-required=\"true\" aria-invalid=\"false\" \/><\/span><\/p>\n<p>V\u00e4ljalaskeaasta (n\u00f5utav) <br \/>\n<span class=\"wpcf7-form-control-wrap Vljalaskeaaste\"><input type=\"text\" name=\"Vljalaskeaaste\" value=\"\" size=\"40\" maxlength=\"4\" class=\"wpcf7-form-control wpcf7-text wpcf7-validates-as-required\" aria-required=\"true\" aria-invalid=\"false\" \/><\/span><\/p>\n<p>V\u00f5imsus kW (n\u00f5utav)<br \/><span class=\"wpcf7-form-control-wrap VimsuskW\"><input type=\"text\" name=\"VimsuskW\" value=\"\" size=\"40\" class=\"wpcf7-form-control wpcf7-text wpcf7-validates-as-required\" aria-required=\"true\" aria-invalid=\"false\" \/><\/span>\n  <\/p>\n<p>Keret\u00fc\u00fcp (n\u00f5utav)<br \/>\n<span class=\"wpcf7-form-control-wrap Keretp\"><input type=\"text\" name=\"Keretp\" value=\"\" size=\"40\" class=\"wpcf7-form-control wpcf7-text wpcf7-validates-as-required\" aria-required=\"true\" aria-invalid=\"false\" \/><\/span><\/p>\n<p>Lisainfo<br \/><span class=\"wpcf7-form-control-wrap Lisainfo\"><textarea name=\"Lisainfo\" cols=\"40\" rows=\"10\" class=\"wpcf7-form-control wpcf7-textarea\" aria-invalid=\"false\"><\/textarea><\/span>\n <\/p>\n<p>Nimi (n\u00f5utav)<br \/>\n<span class=\"wpcf7-form-control-wrap Nimi\"><input type=\"text\" name=\"Nimi\" value=\"\" size=\"40\" class=\"wpcf7-form-control wpcf7-text wpcf7-validates-as-required\" aria-required=\"true\" aria-invalid=\"false\" \/><\/span><\/p>\n<p>Telefon (n\u00f5utav)<br \/>\n<span class=\"wpcf7-form-control-wrap Telefon\"><input type=\"text\" name=\"Telefon\" value=\"\" size=\"40\" class=\"wpcf7-form-control wpcf7-text wpcf7-validates-as-required\" aria-required=\"true\" aria-invalid=\"false\" \/><\/span> <\/p>\n<p>Email (n\u00f5utav)<br \/>\n   <span class=\"wpcf7-form-control-wrap E-mail\"><input type=\"email\" name=\"E-mail\" value=\"\" size=\"40\" class=\"wpcf7-form-control wpcf7-text wpcf7-email wpcf7-validates-as-required wpcf7-validates-as-email\" aria-required=\"true\" aria-invalid=\"false\" \/><\/span><\/p>\n<p>[recaptcha]<\/p>\n<p><input type=\"submit\" value=\"Saada\" class=\"wpcf7-form-control wpcf7-submit\" \/><\/p>\n<div class=\"wpcf7-response-output\" aria-hidden=\"true\"><\/div><\/form><\/div>\n","protected":false},"excerpt":{"rendered":"<p>Gaasiseadme hind s\u00f5ltub konkreetse auto silindrite arvust ja autole valitud sobiliku ballooni maksumusest. Siinkohal toon hinnan\u00e4idise Saare Autogaas O\u00dc kehtivast hinnakirjast.<\/p>\n","protected":false},"author":1,"featured_media":0,"parent":0,"menu_order":0,"comment_status":"closed","ping_status":"open","template":"","meta":{"footnotes":""},"_links":{"self":[{"href":"https:\/\/saareautogaas.ee\/index.php?rest_route=\/wp\/v2\/pages\/58"}],"collection":[{"href":"https:\/\/saareautogaas.ee\/index.php?rest_route=\/wp\/v2\/pages"}],"about":[{"href":"https:\/\/saareautogaas.ee\/index.php?rest_route=\/wp\/v2\/types\/page"}],"author":[{"embeddable":true,"href":"https:\/\/saareautogaas.ee\/index.php?rest_route=\/wp\/v2\/users\/1"}],"replies":[{"embeddable":true,"href":"https:\/\/saareautogaas.ee\/index.php?rest_route=%2Fwp%2Fv2%2Fcomments&post=58"}],"version-history":[{"count":97,"href":"https:\/\/saareautogaas.ee\/index.php?rest_route=\/wp\/v2\/pages\/58\/revisions"}],"predecessor-version":[{"id":745,"href":"https:\/\/saareautogaas.ee\/index.php?rest_route=\/wp\/v2\/pages\/58\/revisions\/745"}],"wp:attachment":[{"href":"https:\/\/saareautogaas.ee\/index.php?rest_route=%2Fwp%2Fv2%2Fmedia&parent=58"}],"curies":[{"name":"wp","href":"https:\/\/api.w.org\/{rel}","templated":true}]}}